{"id":615,"date":"2022-12-08T10:24:55","date_gmt":"2022-12-08T09:24:55","guid":{"rendered":"https:\/\/executivecruises.eu\/?page_id=615"},"modified":"2023-09-02T09:58:33","modified_gmt":"2023-09-02T07:58:33","slug":"home","status":"publish","type":"page","link":"https:\/\/executivecruises.eu\/de\/","title":{"rendered":"Home"},"content":{"rendered":"\n<div class=\"wp-block-columns are-vertically-aligned-center is-layout-flex wp-container-core-columns-is-layout-9d6595d7 wp-block-columns-is-layout-flex\">\n<div class=\"wp-block-column is-vertically-aligned-center is-layout-flow wp-block-column-is-layout-flow\" style=\"flex-basis:50%\">\n<figure class=\"wp-block-image size-large\"><img loading=\"lazy\" decoding=\"async\" width=\"960\" height=\"347\" src=\"https:\/\/executivecruises.eu\/wp-content\/uploads\/2020\/08\/rome-city-skyline-109583723.jpg\" alt=\"\" class=\"wp-image-394\" srcset=\"https:\/\/executivecruises.eu\/wp-content\/uploads\/2020\/08\/rome-city-skyline-109583723.jpg 960w, https:\/\/executivecruises.eu\/wp-content\/uploads\/2020\/08\/rome-city-skyline-109583723-300x108.jpg 300w, https:\/\/executivecruises.eu\/wp-content\/uploads\/2020\/08\/rome-city-skyline-109583723-768x278.jpg 768w\" sizes=\"auto, (max-width: 960px) 100vw, 960px\" \/><\/figure>\n<\/div>\n\n\n\n<div class=\"wp-block-column is-vertically-aligned-center info is-layout-flow wp-block-column-is-layout-flow\">\n<h2 class=\"wp-block-heading\">WER WIR SIND<\/h2>\n\n\n\n<p>Executive Cruises ist ein 1993 gegr\u00fcndeter Spezialist f\u00fcr Premium-Kreuzfahrten im Gro\u00dfhandel. Das Unternehmen ist der internationale Repr\u00e4sentant (Alleinvertreter) in Malta f\u00fcr Royal Caribbean International, Celebrity Cruises und Azamara.<\/p>\n\n\n\n<p>In Italien, Deutschland, \u00d6sterreich und der Schweiz ist es der Generalvertreter f\u00fcr Royal Caribbean International und vertreibt Kreuzfahrtprodukte \u00fcber ein Netzwerk von Tausenden von Reiseb\u00fcros.<\/p>\n<\/div>\n<\/div>\n\n\n\n<p><\/p>\n","protected":false},"excerpt":{"rendered":"<p>WER WIR SIND Executive Cruises ist ein 1993 gegr\u00fcndeter Spezialist f\u00fcr Premium-Kreuzfahrten im Gro\u00dfhandel. Das Unternehmen ist der internationale Repr\u00e4sentant (Alleinvertreter) in Malta f\u00fcr Royal Caribbean International, Celebrity Cruises und Azamara. In Italien, Deutschland, \u00d6sterreich und der Schweiz ist es der Generalvertreter f\u00fcr Royal Caribbean International und vertreibt Kreuzfahrtprodukte \u00fcber ein Netzwerk von Tausenden von [&#8230;]<\/p>\n<p><a class=\"btn btn-secondary understrap-read-more-link\" href=\"https:\/\/executivecruises.eu\/de\/\">Weiterlesen\u00a0\u2026<span class=\"screen-reader-text\"> from Home<\/span><\/a><\/p>\n","protected":false},"author":1,"featured_media":0,"parent":0,"menu_order":0,"comment_status":"closed","ping_status":"closed","template":"","meta":{"_acf_changed":false,"footnotes":""},"class_list":["post-615","page","type-page","status-publish","hentry"],"acf":[],"yoast_head":"<!-- This site is optimized with the Yoast SEO plugin v27.2 - https:\/\/yoast.com\/product\/yoast-seo-wordpress\/ -->\n<title>Executive Cruises - Spezialist f\u00fcr Premium-Kreuzfahrten im Gro\u00dfhandel<\/title>\n<meta name=\"description\" content=\"Executive Cruises ist der internationale Repr\u00e4sentant in Malta f\u00fcr Royal Caribbean International, Celebrity Cruises und Azamara.\" \/>\n<meta name=\"robots\" content=\"index, follow, max-snippet:-1, max-image-preview:large, max-video-preview:-1\" \/>\n<link rel=\"canonical\" href=\"https:\/\/executivecruises.eu\/de\/\" \/>\n<meta property=\"og:locale\" content=\"de_DE\" \/>\n<meta property=\"og:type\" content=\"article\" \/>\n<meta property=\"og:title\" content=\"Executive Cruises - Spezialist f\u00fcr Premium-Kreuzfahrten im Gro\u00dfhandel\" \/>\n<meta property=\"og:description\" content=\"Executive Cruises ist der internationale Repr\u00e4sentant in Malta f\u00fcr Royal Caribbean International, Celebrity Cruises und Azamara.\" \/>\n<meta property=\"og:url\" content=\"https:\/\/executivecruises.eu\/de\/\" \/>\n<meta property=\"og:site_name\" content=\"Executive Cruises\" \/>\n<meta property=\"article:modified_time\" content=\"2023-09-02T07:58:33+00:00\" \/>\n<meta property=\"og:image\" content=\"https:\/\/executivecruises.eu\/wp-content\/uploads\/2020\/08\/rome-city-skyline-109583723.jpg\" \/>\n<meta name=\"twitter:card\" content=\"summary_large_image\" \/>\n<meta name=\"twitter:label1\" content=\"Gesch\u00e4tzte Lesezeit\" \/>\n\t<meta name=\"twitter:data1\" content=\"1\u00a0Minute\" \/>\n<script type=\"application\/ld+json\" class=\"yoast-schema-graph\">{\"@context\":\"https:\/\/schema.org\",\"@graph\":[{\"@type\":\"WebPage\",\"@id\":\"https:\/\/executivecruises.eu\/de\/\",\"url\":\"https:\/\/executivecruises.eu\/de\/\",\"name\":\"Executive Cruises - Spezialist f\u00fcr Premium-Kreuzfahrten im Gro\u00dfhandel\",\"isPartOf\":{\"@id\":\"https:\/\/executivecruises.eu\/de\/#website\"},\"primaryImageOfPage\":{\"@id\":\"https:\/\/executivecruises.eu\/de\/#primaryimage\"},\"image\":{\"@id\":\"https:\/\/executivecruises.eu\/de\/#primaryimage\"},\"thumbnailUrl\":\"https:\/\/executivecruises.eu\/wp-content\/uploads\/2020\/08\/rome-city-skyline-109583723.jpg\",\"datePublished\":\"2022-12-08T09:24:55+00:00\",\"dateModified\":\"2023-09-02T07:58:33+00:00\",\"description\":\"Executive Cruises ist der internationale Repr\u00e4sentant in Malta f\u00fcr Royal Caribbean International, Celebrity Cruises und Azamara.\",\"breadcrumb\":{\"@id\":\"https:\/\/executivecruises.eu\/de\/#breadcrumb\"},\"inLanguage\":\"de\",\"potentialAction\":[{\"@type\":\"ReadAction\",\"target\":[\"https:\/\/executivecruises.eu\/de\/\"]}]},{\"@type\":\"ImageObject\",\"inLanguage\":\"de\",\"@id\":\"https:\/\/executivecruises.eu\/de\/#primaryimage\",\"url\":\"https:\/\/executivecruises.eu\/wp-content\/uploads\/2020\/08\/rome-city-skyline-109583723.jpg\",\"contentUrl\":\"https:\/\/executivecruises.eu\/wp-content\/uploads\/2020\/08\/rome-city-skyline-109583723.jpg\"},{\"@type\":\"BreadcrumbList\",\"@id\":\"https:\/\/executivecruises.eu\/de\/#breadcrumb\",\"itemListElement\":[{\"@type\":\"ListItem\",\"position\":1,\"name\":\"Home\",\"item\":\"https:\/\/executivecruises.eu\/de\/\"},{\"@type\":\"ListItem\",\"position\":2,\"name\":\"Home\"}]},{\"@type\":\"WebSite\",\"@id\":\"https:\/\/executivecruises.eu\/de\/#website\",\"url\":\"https:\/\/executivecruises.eu\/de\/\",\"name\":\"Executive Cruises\",\"description\":\"Premium Cruise Travel Specialist - Italy, Germany, Austria, Switzerland &amp; Malta\",\"publisher\":{\"@id\":\"https:\/\/executivecruises.eu\/de\/#organization\"},\"potentialAction\":[{\"@type\":\"SearchAction\",\"target\":{\"@type\":\"EntryPoint\",\"urlTemplate\":\"https:\/\/executivecruises.eu\/de\/?s={search_term_string}\"},\"query-input\":{\"@type\":\"PropertyValueSpecification\",\"valueRequired\":true,\"valueName\":\"search_term_string\"}}],\"inLanguage\":\"de\"},{\"@type\":\"Organization\",\"@id\":\"https:\/\/executivecruises.eu\/de\/#organization\",\"name\":\"Executive Cruises\",\"url\":\"https:\/\/executivecruises.eu\/de\/\",\"logo\":{\"@type\":\"ImageObject\",\"inLanguage\":\"de\",\"@id\":\"https:\/\/executivecruises.eu\/de\/#\/schema\/logo\/image\/\",\"url\":\"https:\/\/executivecruises.eu\/wp-content\/uploads\/2020\/08\/executive-cruises-logo.svg\",\"contentUrl\":\"https:\/\/executivecruises.eu\/wp-content\/uploads\/2020\/08\/executive-cruises-logo.svg\",\"width\":1,\"height\":1,\"caption\":\"Executive Cruises\"},\"image\":{\"@id\":\"https:\/\/executivecruises.eu\/de\/#\/schema\/logo\/image\/\"}}]}<\/script>\n<!-- \/ Yoast SEO plugin. -->","yoast_head_json":{"title":"Executive Cruises - Spezialist f\u00fcr Premium-Kreuzfahrten im Gro\u00dfhandel","description":"Executive Cruises ist der internationale Repr\u00e4sentant in Malta f\u00fcr Royal Caribbean International, Celebrity Cruises und Azamara.","robots":{"index":"index","follow":"follow","max-snippet":"max-snippet:-1","max-image-preview":"max-image-preview:large","max-video-preview":"max-video-preview:-1"},"canonical":"https:\/\/executivecruises.eu\/de\/","og_locale":"de_DE","og_type":"article","og_title":"Executive Cruises - Spezialist f\u00fcr Premium-Kreuzfahrten im Gro\u00dfhandel","og_description":"Executive Cruises ist der internationale Repr\u00e4sentant in Malta f\u00fcr Royal Caribbean International, Celebrity Cruises und Azamara.","og_url":"https:\/\/executivecruises.eu\/de\/","og_site_name":"Executive Cruises","article_modified_time":"2023-09-02T07:58:33+00:00","og_image":[{"url":"https:\/\/executivecruises.eu\/wp-content\/uploads\/2020\/08\/rome-city-skyline-109583723.jpg","type":"","width":"","height":""}],"twitter_card":"summary_large_image","twitter_misc":{"Gesch\u00e4tzte Lesezeit":"1\u00a0Minute"},"schema":{"@context":"https:\/\/schema.org","@graph":[{"@type":"WebPage","@id":"https:\/\/executivecruises.eu\/de\/","url":"https:\/\/executivecruises.eu\/de\/","name":"Executive Cruises - Spezialist f\u00fcr Premium-Kreuzfahrten im Gro\u00dfhandel","isPartOf":{"@id":"https:\/\/executivecruises.eu\/de\/#website"},"primaryImageOfPage":{"@id":"https:\/\/executivecruises.eu\/de\/#primaryimage"},"image":{"@id":"https:\/\/executivecruises.eu\/de\/#primaryimage"},"thumbnailUrl":"https:\/\/executivecruises.eu\/wp-content\/uploads\/2020\/08\/rome-city-skyline-109583723.jpg","datePublished":"2022-12-08T09:24:55+00:00","dateModified":"2023-09-02T07:58:33+00:00","description":"Executive Cruises ist der internationale Repr\u00e4sentant in Malta f\u00fcr Royal Caribbean International, Celebrity Cruises und Azamara.","breadcrumb":{"@id":"https:\/\/executivecruises.eu\/de\/#breadcrumb"},"inLanguage":"de","potentialAction":[{"@type":"ReadAction","target":["https:\/\/executivecruises.eu\/de\/"]}]},{"@type":"ImageObject","inLanguage":"de","@id":"https:\/\/executivecruises.eu\/de\/#primaryimage","url":"https:\/\/executivecruises.eu\/wp-content\/uploads\/2020\/08\/rome-city-skyline-109583723.jpg","contentUrl":"https:\/\/executivecruises.eu\/wp-content\/uploads\/2020\/08\/rome-city-skyline-109583723.jpg"},{"@type":"BreadcrumbList","@id":"https:\/\/executivecruises.eu\/de\/#breadcrumb","itemListElement":[{"@type":"ListItem","position":1,"name":"Home","item":"https:\/\/executivecruises.eu\/de\/"},{"@type":"ListItem","position":2,"name":"Home"}]},{"@type":"WebSite","@id":"https:\/\/executivecruises.eu\/de\/#website","url":"https:\/\/executivecruises.eu\/de\/","name":"Executive Cruises","description":"Premium Cruise Travel Specialist - Italy, Germany, Austria, Switzerland &amp; Malta","publisher":{"@id":"https:\/\/executivecruises.eu\/de\/#organization"},"potentialAction":[{"@type":"SearchAction","target":{"@type":"EntryPoint","urlTemplate":"https:\/\/executivecruises.eu\/de\/?s={search_term_string}"},"query-input":{"@type":"PropertyValueSpecification","valueRequired":true,"valueName":"search_term_string"}}],"inLanguage":"de"},{"@type":"Organization","@id":"https:\/\/executivecruises.eu\/de\/#organization","name":"Executive Cruises","url":"https:\/\/executivecruises.eu\/de\/","logo":{"@type":"ImageObject","inLanguage":"de","@id":"https:\/\/executivecruises.eu\/de\/#\/schema\/logo\/image\/","url":"https:\/\/executivecruises.eu\/wp-content\/uploads\/2020\/08\/executive-cruises-logo.svg","contentUrl":"https:\/\/executivecruises.eu\/wp-content\/uploads\/2020\/08\/executive-cruises-logo.svg","width":1,"height":1,"caption":"Executive Cruises"},"image":{"@id":"https:\/\/executivecruises.eu\/de\/#\/schema\/logo\/image\/"}}]}},"_links":{"self":[{"href":"https:\/\/executivecruises.eu\/de\/wp-json\/wp\/v2\/pages\/615","targetHints":{"allow":["GET"]}}],"collection":[{"href":"https:\/\/executivecruises.eu\/de\/wp-json\/wp\/v2\/pages"}],"about":[{"href":"https:\/\/executivecruises.eu\/de\/wp-json\/wp\/v2\/types\/page"}],"author":[{"embeddable":true,"href":"https:\/\/executivecruises.eu\/de\/wp-json\/wp\/v2\/users\/1"}],"replies":[{"embeddable":true,"href":"https:\/\/executivecruises.eu\/de\/wp-json\/wp\/v2\/comments?post=615"}],"version-history":[{"count":6,"href":"https:\/\/executivecruises.eu\/de\/wp-json\/wp\/v2\/pages\/615\/revisions"}],"predecessor-version":[{"id":809,"href":"https:\/\/executivecruises.eu\/de\/wp-json\/wp\/v2\/pages\/615\/revisions\/809"}],"wp:attachment":[{"href":"https:\/\/executivecruises.eu\/de\/wp-json\/wp\/v2\/media?parent=615"}],"curies":[{"name":"wp","href":"https:\/\/api.w.org\/{rel}","templated":true}]}}