{"id":646,"date":"2022-12-08T11:30:24","date_gmt":"2022-12-08T10:30:24","guid":{"rendered":"https:\/\/executivecruises.eu\/?page_id=646"},"modified":"2022-12-13T21:15:37","modified_gmt":"2022-12-13T20:15:37","slug":"privacy-policy","status":"publish","type":"page","link":"https:\/\/executivecruises.eu\/de\/privacy-policy\/","title":{"rendered":"Datenschutz-Bestimmungen"},"content":{"rendered":"\n<div class=\"wp-block-group container\"><div class=\"wp-block-group__inner-container is-layout-flow wp-block-group-is-layout-flow\">\n<h2 class=\"wp-block-heading\">1. Einleitung<\/h2>\n\n\n\n<p>Der Schutz personenbezogener Daten ist ein zentraler Wert von Executive Cruises Ltd. Diese Datenschutzerkl\u00e4rung beschreibt, wie wir die von Ihnen auf unserer Website bereitgestellten personenbezogenen Daten erfassen und verwenden. Es beschreibt auch die Wahlm\u00f6glichkeiten, die Ihnen in Bezug auf die Verwendung Ihrer personenbezogenen Daten zur Verf\u00fcgung stehen, und die Schritte, die Sie unternehmen k\u00f6nnen, um auf diese Daten zuzugreifen und zu verlangen, dass wir sie korrigieren oder l\u00f6schen. Executive Cruises Ltd. h\u00e4lt sich an das Safe-Harbor-Rahmenwerk, wie es vom US-Handelsministerium in Bezug auf die Erfassung, Verwendung und Aufbewahrung von Daten aus der Europ\u00e4ischen Union festgelegt wurde.<\/p>\n\n\n\n<h2 class=\"wp-block-heading\">2. Informationssammlung<\/h2>\n\n\n\n<p>Die meisten Websites sammeln Informationen automatisch und speichern sie in Protokolldateien. Zu diesen Informationen geh\u00f6ren Internetprotokolladressen (IP-Adressen), Browsertyp, Internetdienstanbieter (ISP), Verweis-\/Ausstiegsseiten, Betriebssystem, Datums-\/Zeitstempel und Clickstream-Daten. Sie k\u00f6nnen diese Informationen, die einzelne Besucher nicht identifizieren, verwenden, um Trends zu analysieren, die Website zu verwalten, die Bewegungen der Besucher auf der Website zu verfolgen und Informationen \u00fcber den geografischen Standort unserer Besucher insgesamt zu sammeln. Wir sammeln keine derartigen Informationen von unseren Besuchern. Wenn der Benutzer sich entscheidet, solche Informationen zu \u00fcbermitteln, k\u00f6nnen wir au\u00dferdem personenbezogene Daten (\u201ePII\u201c) \u00fcber unsere Benutzer erfassen. Diese Informationen k\u00f6nnen Name und\/oder E-Mail-Adresse beinhalten, die wir in verschl\u00fcsselter Form auf sicheren Servern speichern.<\/p>\n\n\n\n<h2 class=\"wp-block-heading\">3. Cookies<\/h2>\n\n\n\n<p>Ein \u201eCookie\u201c ist eine kleine Datei, die eine Zeichenfolge enth\u00e4lt, die an Ihren Computer gesendet wird, wenn Sie eine Website besuchen. Wenn Sie die Website erneut besuchen, erm\u00f6glicht das Cookie dieser Website, Ihren Browser wiederzuerkennen. Cookies k\u00f6nnen Benutzereinstellungen und andere Informationen speichern. Sie k\u00f6nnen Ihren Browser so zur\u00fccksetzen, dass er alle Cookies ablehnt oder anzeigt, wenn ein Cookie gesendet wird. Einige Funktionen oder Dienste der Website funktionieren jedoch ohne Cookies m\u00f6glicherweise nicht richtig.<\/p>\n\n\n\n<h2 class=\"wp-block-heading\">4. Weitergabe von Informationen<\/h2>\n\n\n\n<p>Abgesehen von den nachstehenden begrenzten Umst\u00e4nden wird keine der oben aufgef\u00fchrten Informationen verbreitet, geteilt, verkauft oder an Dritte weitergegeben. Unter den folgenden begrenzten Umst\u00e4nden k\u00f6nnen wir PII und andere Daten an andere Unternehmen oder Einrichtungen weitergeben:<\/p>\n\n\n\n<ul class=\"wp-block-list\">\n<li>Wir geben diese Informationen an unsere Tochtergesellschaften oder verbundenen Unternehmen zum Zwecke der Verarbeitung von personenbezogenen Daten in unserem Auftrag weiter. Wir verlangen, dass diese Parteien zustimmen, solche Informationen auf der Grundlage unserer Anweisungen und in \u00dcbereinstimmung mit dieser Richtlinie und allen anderen angemessenen Vertraulichkeits- und Sicherheitsma\u00dfnahmen zu verarbeiten.<\/li>\n\n\n\n<li>Wir sind nach Treu und Glauben der Ansicht, dass der Zugriff, die Verwendung, die Aufbewahrung oder die Offenlegung von PII vern\u00fcnftigerweise erforderlich ist\n<ul class=\"wp-block-list\">\n<li>(a) um allen anwendbaren Gesetzen, Vorschriften, Gerichtsverfahren oder durchsetzbaren beh\u00f6rdlichen Aufforderungen nachzukommen,<\/li>\n\n\n\n<li>(b) geltende rechtliche Vereinbarungen zwischen uns durchzusetzen, einschlie\u00dflich der Untersuchung m\u00f6glicher Verst\u00f6\u00dfe dagegen,<\/li>\n\n\n\n<li>Betrug, Sicherheits- oder technische Probleme zu erkennen, zu verhindern oder anderweitig anzugehen, oder<\/li>\n<\/ul>\n<\/li>\n<\/ul>\n\n\n\n<p>Wenn Executive Cruises Ltd. an einer Fusion, \u00dcbernahme oder irgendeiner Form des Verkaufs einiger oder aller seiner Verm\u00f6genswerte beteiligt wird, werden wir Sie benachrichtigen, bevor personenbezogene Daten \u00fcbertragen werden und einer anderen Datenschutzrichtlinie unterliegen.<\/p>\n\n\n\n<h2 class=\"wp-block-heading\">5. Informationssicherheit<\/h2>\n\n\n\n<p>Wir ergreifen geeignete Sicherheitsma\u00dfnahmen zum Schutz vor unbefugtem Zugriff auf oder unbefugter \u00c4nderung, Offenlegung oder Zerst\u00f6rung von Daten. Dazu geh\u00f6ren interne \u00dcberpr\u00fcfungen unserer Datenerhebungs-, Speicher- und Verarbeitungspraktiken und Sicherheitsma\u00dfnahmen sowie physische Sicherheitsma\u00dfnahmen zum Schutz vor unbefugtem Zugriff auf Systeme, in denen wir personenbezogene Daten speichern. Wir beschr\u00e4nken den Zugriff auf PII auf Mitarbeiter, Auftragnehmer und Vertreter von Executive Cruises Ltd., die diese Informationen kennen m\u00fcssen, um unsere Dienste zu betreiben, zu entwickeln oder zu verbessern. Diese Personen sind an Vertraulichkeitsverpflichtungen gebunden und k\u00f6nnen Disziplinarma\u00dfnahmen unterworfen werden, einschlie\u00dflich K\u00fcndigung und strafrechtlicher Verfolgung, wenn sie diesen Verpflichtungen nicht nachkommen.<\/p>\n\n\n\n<h2 class=\"wp-block-heading\">6. Datenintegrit\u00e4t<\/h2>\n\n\n\n<p>Executive Cruises Ltd. verarbeitet personenbezogene Daten nur f\u00fcr die Zwecke, f\u00fcr die sie erfasst wurden, und in \u00dcbereinstimmung mit dieser Richtlinie oder einer anwendbaren servicespezifischen Datenschutzerkl\u00e4rung. Wir \u00fcberpr\u00fcfen unsere Praktiken zur Datenerfassung, -speicherung und -verarbeitung, um sicherzustellen, dass wir nur die personenbezogenen Daten erfassen, speichern und verarbeiten, die zur Bereitstellung oder Verbesserung unserer Dienste erforderlich sind. Wir unternehmen angemessene Schritte, um sicherzustellen, dass die von uns verarbeiteten personenbezogenen Daten korrekt, vollst\u00e4ndig und aktuell sind, aber wir verlassen uns darauf, dass unsere Benutzer ihre personenbezogenen Daten bei Bedarf aktualisieren oder korrigieren.<\/p>\n\n\n\n<h2 class=\"wp-block-heading\">7. Zugriff auf und Aktualisierung personenbezogener Daten<\/h2>\n\n\n\n<p>Wenn Sie die Dienste von Executive Cruises Ltd. nutzen, bem\u00fchen wir uns nach bestem Wissen und Gewissen, Ihnen Zugang zu Ihren personenbezogenen Daten zu verschaffen und diese Daten entweder zu korrigieren, falls sie unrichtig sind, oder diese Daten auf Ihre Anfrage hin zu l\u00f6schen, sofern dies nicht anderweitig erforderlich ist gesetzlich oder f\u00fcr legitime Gesch\u00e4ftszwecke aufbewahrt werden. Wir bitten einzelne Benutzer, sich zu identifizieren und die angeforderten Informationen abzurufen, zu korrigieren oder zu entfernen, bevor sie solche Anfragen bearbeiten, und wir k\u00f6nnen die Bearbeitung von Anfragen ablehnen, die sich unangemessen wiederholen oder systematisch sind, einen unverh\u00e4ltnism\u00e4\u00dfigen technischen Aufwand erfordern, die Privatsph\u00e4re anderer gef\u00e4hrden oder w\u00fcrden \u00e4u\u00dferst unpraktisch sein (z. B. Anfragen zu Informationen, die sich auf Sicherungsb\u00e4ndern befinden) oder f\u00fcr die kein anderweitiger Zugriff erforderlich ist. In jedem Fall, in dem wir Auskunft und Berichtigung von Informationen bereitstellen, f\u00fchren wir diesen Service kostenlos durch, es sei denn, dies w\u00fcrde einen unverh\u00e4ltnism\u00e4\u00dfigen Aufwand erfordern.<\/p>\n\n\n\n<h2 class=\"wp-block-heading\">8. Richtlinien\u00e4nderungen<\/h2>\n\n\n\n<p>Wir behalten uns das Recht vor, diese Datenschutzrichtlinie jederzeit zu \u00e4ndern. Wenn wir uns entscheiden, unsere Datenschutzrichtlinie zu \u00e4ndern, werden wir diese \u00c4nderungen auf sichtbare Weise in dieser Datenschutzrichtlinie und an anderen Stellen, die wir f\u00fcr angemessen halten, ver\u00f6ffentlichen, damit Sie wissen, welche Informationen wir sammeln, wie wir sie verwenden und unter welchen Umst\u00e4nden , falls vorhanden, legen wir sie offen.<\/p>\n<\/div><\/div>\n","protected":false},"excerpt":{"rendered":"<p>1. Einleitung Der Schutz personenbezogener Daten ist ein zentraler Wert von Executive Cruises Ltd. Diese Datenschutzerkl\u00e4rung beschreibt, wie wir die von Ihnen auf unserer Website bereitgestellten personenbezogenen Daten erfassen und verwenden. Es beschreibt auch die Wahlm\u00f6glichkeiten, die Ihnen in Bezug auf die Verwendung Ihrer personenbezogenen Daten zur Verf\u00fcgung stehen, und die Schritte, die Sie unternehmen [&#8230;]<\/p>\n<p><a class=\"btn btn-secondary understrap-read-more-link\" href=\"https:\/\/executivecruises.eu\/de\/privacy-policy\/\">Weiterlesen\u00a0\u2026<span class=\"screen-reader-text\"> from Datenschutz-Bestimmungen<\/span><\/a><\/p>\n","protected":false},"author":1,"featured_media":0,"parent":0,"menu_order":0,"comment_status":"closed","ping_status":"open","template":"","meta":{"_acf_changed":false,"footnotes":""},"class_list":["post-646","page","type-page","status-publish","hentry"],"acf":[],"yoast_head":"<!-- This site is optimized with the Yoast SEO plugin v27.2 - https:\/\/yoast.com\/product\/yoast-seo-wordpress\/ -->\n<title>Datenschutz-Bestimmungen - Executive Cruises<\/title>\n<meta name=\"robots\" content=\"index, follow, max-snippet:-1, max-image-preview:large, max-video-preview:-1\" \/>\n<link rel=\"canonical\" href=\"https:\/\/executivecruises.eu\/de\/privacy-policy\/\" \/>\n<meta property=\"og:locale\" content=\"de_DE\" \/>\n<meta property=\"og:type\" content=\"article\" \/>\n<meta property=\"og:title\" content=\"Datenschutz-Bestimmungen - Executive Cruises\" \/>\n<meta property=\"og:description\" content=\"1. Einleitung Der Schutz personenbezogener Daten ist ein zentraler Wert von Executive Cruises Ltd. Diese Datenschutzerkl\u00e4rung beschreibt, wie wir die von Ihnen auf unserer Website bereitgestellten personenbezogenen Daten erfassen und verwenden. Es beschreibt auch die Wahlm\u00f6glichkeiten, die Ihnen in Bezug auf die Verwendung Ihrer personenbezogenen Daten zur Verf\u00fcgung stehen, und die Schritte, die Sie unternehmen [...]Weiterlesen\u00a0\u2026 from Datenschutz-Bestimmungen\" \/>\n<meta property=\"og:url\" content=\"https:\/\/executivecruises.eu\/de\/privacy-policy\/\" \/>\n<meta property=\"og:site_name\" content=\"Executive Cruises\" \/>\n<meta property=\"article:modified_time\" content=\"2022-12-13T20:15:37+00:00\" \/>\n<meta name=\"twitter:card\" content=\"summary_large_image\" \/>\n<meta name=\"twitter:label1\" content=\"Gesch\u00e4tzte Lesezeit\" \/>\n\t<meta name=\"twitter:data1\" content=\"5\u00a0Minuten\" \/>\n<script type=\"application\/ld+json\" class=\"yoast-schema-graph\">{\"@context\":\"https:\/\/schema.org\",\"@graph\":[{\"@type\":\"WebPage\",\"@id\":\"https:\/\/executivecruises.eu\/de\/privacy-policy\/\",\"url\":\"https:\/\/executivecruises.eu\/de\/privacy-policy\/\",\"name\":\"Datenschutz-Bestimmungen - Executive Cruises\",\"isPartOf\":{\"@id\":\"https:\/\/executivecruises.eu\/de\/#website\"},\"datePublished\":\"2022-12-08T10:30:24+00:00\",\"dateModified\":\"2022-12-13T20:15:37+00:00\",\"breadcrumb\":{\"@id\":\"https:\/\/executivecruises.eu\/de\/privacy-policy\/#breadcrumb\"},\"inLanguage\":\"de\",\"potentialAction\":[{\"@type\":\"ReadAction\",\"target\":[\"https:\/\/executivecruises.eu\/de\/privacy-policy\/\"]}]},{\"@type\":\"BreadcrumbList\",\"@id\":\"https:\/\/executivecruises.eu\/de\/privacy-policy\/#breadcrumb\",\"itemListElement\":[{\"@type\":\"ListItem\",\"position\":1,\"name\":\"Home\",\"item\":\"https:\/\/executivecruises.eu\/de\/\"},{\"@type\":\"ListItem\",\"position\":2,\"name\":\"Datenschutz-Bestimmungen\"}]},{\"@type\":\"WebSite\",\"@id\":\"https:\/\/executivecruises.eu\/de\/#website\",\"url\":\"https:\/\/executivecruises.eu\/de\/\",\"name\":\"Executive Cruises\",\"description\":\"Premium Cruise Travel Specialist - Italy, Germany, Austria, Switzerland &amp; Malta\",\"publisher\":{\"@id\":\"https:\/\/executivecruises.eu\/de\/#organization\"},\"potentialAction\":[{\"@type\":\"SearchAction\",\"target\":{\"@type\":\"EntryPoint\",\"urlTemplate\":\"https:\/\/executivecruises.eu\/de\/?s={search_term_string}\"},\"query-input\":{\"@type\":\"PropertyValueSpecification\",\"valueRequired\":true,\"valueName\":\"search_term_string\"}}],\"inLanguage\":\"de\"},{\"@type\":\"Organization\",\"@id\":\"https:\/\/executivecruises.eu\/de\/#organization\",\"name\":\"Executive Cruises\",\"url\":\"https:\/\/executivecruises.eu\/de\/\",\"logo\":{\"@type\":\"ImageObject\",\"inLanguage\":\"de\",\"@id\":\"https:\/\/executivecruises.eu\/de\/#\/schema\/logo\/image\/\",\"url\":\"https:\/\/executivecruises.eu\/wp-content\/uploads\/2020\/08\/executive-cruises-logo.svg\",\"contentUrl\":\"https:\/\/executivecruises.eu\/wp-content\/uploads\/2020\/08\/executive-cruises-logo.svg\",\"width\":1,\"height\":1,\"caption\":\"Executive Cruises\"},\"image\":{\"@id\":\"https:\/\/executivecruises.eu\/de\/#\/schema\/logo\/image\/\"}}]}<\/script>\n<!-- \/ Yoast SEO plugin. -->","yoast_head_json":{"title":"Datenschutz-Bestimmungen - Executive Cruises","robots":{"index":"index","follow":"follow","max-snippet":"max-snippet:-1","max-image-preview":"max-image-preview:large","max-video-preview":"max-video-preview:-1"},"canonical":"https:\/\/executivecruises.eu\/de\/privacy-policy\/","og_locale":"de_DE","og_type":"article","og_title":"Datenschutz-Bestimmungen - Executive Cruises","og_description":"1. Einleitung Der Schutz personenbezogener Daten ist ein zentraler Wert von Executive Cruises Ltd. Diese Datenschutzerkl\u00e4rung beschreibt, wie wir die von Ihnen auf unserer Website bereitgestellten personenbezogenen Daten erfassen und verwenden. Es beschreibt auch die Wahlm\u00f6glichkeiten, die Ihnen in Bezug auf die Verwendung Ihrer personenbezogenen Daten zur Verf\u00fcgung stehen, und die Schritte, die Sie unternehmen [...]Weiterlesen\u00a0\u2026 from Datenschutz-Bestimmungen","og_url":"https:\/\/executivecruises.eu\/de\/privacy-policy\/","og_site_name":"Executive Cruises","article_modified_time":"2022-12-13T20:15:37+00:00","twitter_card":"summary_large_image","twitter_misc":{"Gesch\u00e4tzte Lesezeit":"5\u00a0Minuten"},"schema":{"@context":"https:\/\/schema.org","@graph":[{"@type":"WebPage","@id":"https:\/\/executivecruises.eu\/de\/privacy-policy\/","url":"https:\/\/executivecruises.eu\/de\/privacy-policy\/","name":"Datenschutz-Bestimmungen - Executive Cruises","isPartOf":{"@id":"https:\/\/executivecruises.eu\/de\/#website"},"datePublished":"2022-12-08T10:30:24+00:00","dateModified":"2022-12-13T20:15:37+00:00","breadcrumb":{"@id":"https:\/\/executivecruises.eu\/de\/privacy-policy\/#breadcrumb"},"inLanguage":"de","potentialAction":[{"@type":"ReadAction","target":["https:\/\/executivecruises.eu\/de\/privacy-policy\/"]}]},{"@type":"BreadcrumbList","@id":"https:\/\/executivecruises.eu\/de\/privacy-policy\/#breadcrumb","itemListElement":[{"@type":"ListItem","position":1,"name":"Home","item":"https:\/\/executivecruises.eu\/de\/"},{"@type":"ListItem","position":2,"name":"Datenschutz-Bestimmungen"}]},{"@type":"WebSite","@id":"https:\/\/executivecruises.eu\/de\/#website","url":"https:\/\/executivecruises.eu\/de\/","name":"Executive Cruises","description":"Premium Cruise Travel Specialist - Italy, Germany, Austria, Switzerland &amp; Malta","publisher":{"@id":"https:\/\/executivecruises.eu\/de\/#organization"},"potentialAction":[{"@type":"SearchAction","target":{"@type":"EntryPoint","urlTemplate":"https:\/\/executivecruises.eu\/de\/?s={search_term_string}"},"query-input":{"@type":"PropertyValueSpecification","valueRequired":true,"valueName":"search_term_string"}}],"inLanguage":"de"},{"@type":"Organization","@id":"https:\/\/executivecruises.eu\/de\/#organization","name":"Executive Cruises","url":"https:\/\/executivecruises.eu\/de\/","logo":{"@type":"ImageObject","inLanguage":"de","@id":"https:\/\/executivecruises.eu\/de\/#\/schema\/logo\/image\/","url":"https:\/\/executivecruises.eu\/wp-content\/uploads\/2020\/08\/executive-cruises-logo.svg","contentUrl":"https:\/\/executivecruises.eu\/wp-content\/uploads\/2020\/08\/executive-cruises-logo.svg","width":1,"height":1,"caption":"Executive Cruises"},"image":{"@id":"https:\/\/executivecruises.eu\/de\/#\/schema\/logo\/image\/"}}]}},"_links":{"self":[{"href":"https:\/\/executivecruises.eu\/de\/wp-json\/wp\/v2\/pages\/646","targetHints":{"allow":["GET"]}}],"collection":[{"href":"https:\/\/executivecruises.eu\/de\/wp-json\/wp\/v2\/pages"}],"about":[{"href":"https:\/\/executivecruises.eu\/de\/wp-json\/wp\/v2\/types\/page"}],"author":[{"embeddable":true,"href":"https:\/\/executivecruises.eu\/de\/wp-json\/wp\/v2\/users\/1"}],"replies":[{"embeddable":true,"href":"https:\/\/executivecruises.eu\/de\/wp-json\/wp\/v2\/comments?post=646"}],"version-history":[{"count":3,"href":"https:\/\/executivecruises.eu\/de\/wp-json\/wp\/v2\/pages\/646\/revisions"}],"predecessor-version":[{"id":681,"href":"https:\/\/executivecruises.eu\/de\/wp-json\/wp\/v2\/pages\/646\/revisions\/681"}],"wp:attachment":[{"href":"https:\/\/executivecruises.eu\/de\/wp-json\/wp\/v2\/media?parent=646"}],"curies":[{"name":"wp","href":"https:\/\/api.w.org\/{rel}","templated":true}]}}