{"id":8,"date":"2020-08-06T04:49:42","date_gmt":"2020-08-06T03:49:42","guid":{"rendered":"http:\/\/executivecruises.eu\/\/?page_id=8"},"modified":"2025-05-15T21:38:30","modified_gmt":"2025-05-15T19:38:30","slug":"chi-siamo","status":"publish","type":"page","link":"https:\/\/executivecruises.eu\/it\/chi-siamo\/","title":{"rendered":"Chi Siamo"},"content":{"rendered":"\n<div class=\"wp-block-group container compact\"><div class=\"wp-block-group__inner-container is-layout-flow wp-block-group-is-layout-flow\">\n<h2 class=\"wp-block-heading\">Executive Cruises \u00e8 uno specialista di viaggi crocieristici premium fondato nel 1993.<\/h2>\n\n\n\n<div class=\"wp-block-columns is-layout-flex wp-container-core-columns-is-layout-9d6595d7 wp-block-columns-is-layout-flex\">\n<div class=\"wp-block-column is-layout-flow wp-block-column-is-layout-flow\">\n<p>La Societ\u00e0 \u00e8 il Rappresentante Internazionale (agente esclusivo) a Malta per Royal Caribbean International, Celebrity Cruises e Azamara. In Italia, Germania, Austria e Svizzera \u00e8 il rappresentante generale delle vendite di Royal Caribbean International e distribuisce vacanze in crociera attraverso una rete di migliaia di agenzie di viaggio.<\/p>\n<\/div>\n\n\n\n<div class=\"wp-block-column is-layout-flow wp-block-column-is-layout-flow\">\n<p>Marchi prestigiosi di questo tipo sono comprensibilmente rigorosi sul livello di servizio che i loro agenti dovrebbero fornire al settore dei viaggi. Il team di Executive soddisfa infatti questo punto in termini di professionalit\u00e0 ed esperienza, offrendo al contempo un servizio cordiale a tutti i suoi partner.<\/p>\n<\/div>\n<\/div>\n\n\n\n<div class=\"wp-block-columns are-vertically-aligned-top is-layout-flex wp-container-core-columns-is-layout-9d6595d7 wp-block-columns-is-layout-flex\">\n<div class=\"wp-block-column is-vertically-aligned-top is-layout-flow wp-block-column-is-layout-flow\"><div class=\"wp-block-image\">\n<figure class=\"aligncenter size-full is-resized\"><img decoding=\"async\" src=\"https:\/\/executivecruises.eu\/wp-content\/uploads\/2025\/05\/royal-caribbean-logo.svg\" alt=\"\" class=\"wp-image-855\" style=\"width:231px;height:60px\"\/><\/figure>\n<\/div><\/div>\n\n\n\n<div class=\"wp-block-column is-vertically-aligned-top is-layout-flow wp-block-column-is-layout-flow\"><div class=\"wp-block-image\">\n<figure class=\"aligncenter size-medium is-resized\"><img loading=\"lazy\" decoding=\"async\" width=\"300\" height=\"64\" src=\"https:\/\/executivecruises.eu\/wp-content\/uploads\/2020\/08\/celebrity-cruises-logo-300x64.png\" alt=\"\" class=\"wp-image-405\" style=\"width:266px;height:58px\" srcset=\"https:\/\/executivecruises.eu\/wp-content\/uploads\/2020\/08\/celebrity-cruises-logo-300x64.png 300w, https:\/\/executivecruises.eu\/wp-content\/uploads\/2020\/08\/celebrity-cruises-logo.png 600w\" sizes=\"auto, (max-width: 300px) 100vw, 300px\" \/><\/figure>\n<\/div><\/div>\n\n\n\n<div class=\"wp-block-column is-vertically-aligned-top is-layout-flow wp-block-column-is-layout-flow\"><div class=\"wp-block-image\">\n<figure class=\"aligncenter size-large\"><img loading=\"lazy\" decoding=\"async\" width=\"215\" height=\"57\" src=\"https:\/\/executivecruises.eu\/wp-content\/uploads\/2020\/08\/azamara-logo.jpg\" alt=\"\" class=\"wp-image-407\"\/><\/figure>\n<\/div><\/div>\n<\/div>\n\n\n\n<div style=\"height:50px\" aria-hidden=\"true\" class=\"wp-block-spacer\"><\/div>\n\n\n\n<h2 class=\"wp-block-heading has-text-align-center\">Date di riferimento importanti<\/h2>\n\n\n<!-- ========= Cool Timeline PRO 3.4.6 ========= --><div class=\"clt_preloader\"><img decoding=\"async\" alt=\"Preloader\" src=\"https:\/\/executivecruises.eu\/wp-content\/plugins\/cool-timeline-pro\/assets\/images\/preloader.gif\"><\/div><div  style=\"opacity:0\"\r\nclass=\"cool-timeline-horizontal light-timeline timeline-stories-it ht-design-6\"  \r\nid=\"ctl-horizontal-slider-69e201798ea02\" \r\ndata-rtl=\"false\"\r\ndate-slider=\"ctl-h-slider-69e201798ea02\" \r\ndata-nav=\"nav-slider-69e201798ea02\" \r\ndata-items=\"3\" \r\ndata-start-on=\"0\" \r\ndata-autoplay=\"false\"\r\ndata-autoplay-speed=\"3000\">\r\n\r\n<div   class=\"timeline-wrapper light-timeline-wrapper hori-items-3\" ><div class=\"clt_carousel_slider\"  dir=\"\"><ul class=\"ctl_h_nav\" id=\"nav-slider-69e201798ea02\"> <li class=\"ht-dates-design-6\" id=\"story-id-580\" data-date=\"story-id-580\"><span class=\"icon-placeholder\"><i class=\"fa fa-clock-o\"><\/i><\/span> <span class=\"ctl-story-time selected\"  data-date=\"story-id-580\" ><div class=\"ctl-tooltips\"><span>2022<\/span><\/div><\/span><\/li> <li class=\"ht-dates-design-6\" id=\"story-id-478\" data-date=\"story-id-478\"><span class=\"icon-placeholder\"><i class=\"fa fa-clock-o\"><\/i><\/span> <span class=\"ctl-story-time \"  data-date=\"story-id-478\" ><div class=\"ctl-tooltips\"><span>2020<\/span><\/div><\/span><\/li> <li class=\"ht-dates-design-6\" id=\"story-id-477\" data-date=\"story-id-477\"><span class=\"icon-placeholder\"><i class=\"fa fa-clock-o\"><\/i><\/span> <span class=\"ctl-story-time \"  data-date=\"story-id-477\" ><div class=\"ctl-tooltips\"><span>2005<\/span><\/div><\/span><\/li> <li class=\"ht-dates-design-6\" id=\"story-id-476\" data-date=\"story-id-476\"><span class=\"icon-placeholder\"><i class=\"fa fa-clock-o\"><\/i><\/span> <span class=\"ctl-story-time \"  data-date=\"story-id-476\" ><div class=\"ctl-tooltips\"><span>2001<\/span><\/div><\/span><\/li> <li class=\"ht-dates-design-6\" id=\"story-id-475\" data-date=\"story-id-475\"><span class=\"icon-placeholder\"><i class=\"fa fa-clock-o\"><\/i><\/span> <span class=\"ctl-story-time \"  data-date=\"story-id-475\" ><div class=\"ctl-tooltips\"><span>1997<\/span><\/div><\/span><\/li> <li class=\"ht-dates-design-6\" id=\"story-id-474\" data-date=\"story-id-474\"><span class=\"icon-placeholder\"><i class=\"fa fa-clock-o\"><\/i><\/span> <span class=\"ctl-story-time \"  data-date=\"story-id-474\" ><div class=\"ctl-tooltips\"><span>1993<\/span><\/div><\/span><\/li><\/ul><\/div><div  class=\"clt_caru_slider\"  dir=\"\"><ul class=\"ctl_h_slides\"  id=\"ctl-h-slider-69e201798ea02\"><li id=\"story-id-580-content\"  class=\"ht-design-6\"><div class=\"timeline-post white-post ht-content-design-6\"><div class=\"ctl_info event-description full\"><div class=\"content-details\"><h2 class=\"content-title-simple\"><a title=\"2022\" href=\"https:\/\/executivecruises.eu\/it\/timeline\/2022-2\/\">2022<\/a><\/h2>Royal Caribbean International nomina Executive come rappresentanti di vendita (Preferred Sales Agent per la commercializzazione dei loro prodotti alle agenzie di viaggio) per Germania, Austria e Svizzera<\/div><\/div><\/div><\/li><li id=\"story-id-478-content\"  class=\"ht-design-6\"><div class=\"timeline-post white-post ht-content-design-6\"><div class=\"ctl_info event-description full\"><div class=\"content-details\"><h2 class=\"content-title-simple\"><a title=\"2020\" href=\"https:\/\/executivecruises.eu\/it\/timeline\/2020-2\/\">2020<\/a><\/h2><p>Royal Caribbean International nomina Executive Cruises Preferred Sales Agent Retail, per la vendita, per le attivit\u00e0 di marketing e per il supporto commerciale alle agenzie di viaggio nazionali dei loro prodotti in Italia.<\/p>\n<\/div><\/div><\/div><\/li><li id=\"story-id-477-content\"  class=\"ht-design-6\"><div class=\"timeline-post white-post ht-content-design-6\"><div class=\"ctl_info event-description full\"><div class=\"content-details\"><h2 class=\"content-title-simple\"><a title=\"2005\" href=\"https:\/\/executivecruises.eu\/it\/timeline\/2005-2\/\">2005<\/a><\/h2><p>Executive sono nominati Rappresentanti Internazionali (agenti esclusivi) per Malta per Royal Caribbean, Celebrity e Azamara; SMS Group Ltd acquisisce il 50% della Societ\u00e0.<\/p>\n<\/div><\/div><\/div><\/li><li id=\"story-id-476-content\"  class=\"ht-design-6\"><div class=\"timeline-post white-post ht-content-design-6\"><div class=\"ctl_info event-description full\"><div class=\"content-details\"><h2 class=\"content-title-simple\"><a title=\"2001\" href=\"https:\/\/executivecruises.eu\/it\/timeline\/2001-2\/\">2001<\/a><\/h2><p>Mondial Investments Ltd acquisisce il business Executive Holidays<\/p>\n<\/div><\/div><\/div><\/li><li id=\"story-id-475-content\"  class=\"ht-design-6\"><div class=\"timeline-post white-post ht-content-design-6\"><div class=\"ctl_info event-description full\"><div class=\"content-details\"><h2 class=\"content-title-simple\"><a title=\"1997\" href=\"https:\/\/executivecruises.eu\/it\/timeline\/1997-2\/\">1997<\/a><\/h2><p>Royal Caribbean International e Celebrity Cruises nomina Executive come uno dei suoi tre partner preferenziali a Malta<\/p>\n<\/div><\/div><\/div><\/li><li id=\"story-id-474-content\"  class=\"ht-design-6\"><div class=\"timeline-post white-post ht-content-design-6\"><div class=\"ctl_info event-description full\"><div class=\"content-details\"><h2 class=\"content-title-simple\"><a title=\"1993\" href=\"https:\/\/executivecruises.eu\/it\/timeline\/1993-2\/\">1993<\/a><\/h2><p>Un&#8217;agenzia di viaggi all&#8217;ingrosso orientata all&#8217;Italia viene fondata a Malta da un veterano del settore che da molti anni ha vissuto a Roma \u2013 nasce Executive Holidays.<\/p>\n<\/div><\/div><\/div><\/li><\/ul><\/div><\/div><\/div><style type=\"text\/css\"><\/style><!-- end  ================================================== --><\/div><\/div>\n\n\n\n<div class=\"wp-block-cover is-light wrapper sms-group\"><span aria-hidden=\"true\" class=\"wp-block-cover__background has-background-dim-100 has-background-dim has-background-gradient\" style=\"background:linear-gradient(180deg,rgba(35,64,144,0.84) 0%,rgb(45,57,89) 100%)\"><\/span><div class=\"wp-block-cover__inner-container is-layout-flow wp-block-cover-is-layout-flow\">\n<div class=\"wp-block-group container\"><div class=\"wp-block-group__inner-container is-layout-flow wp-block-group-is-layout-flow\">\n<h2 class=\"wp-block-heading has-white-color has-text-color\"><strong><strong>Executive Cruises fa parte del SMS Group<\/strong><\/strong><\/h2>\n\n\n\n<div class=\"wp-block-columns is-layout-flex wp-container-core-columns-is-layout-9d6595d7 wp-block-columns-is-layout-flex\">\n<div class=\"wp-block-column is-layout-flow wp-block-column-is-layout-flow\" style=\"flex-basis:50%\">\n<p class=\"has-white-color has-text-color has-medium-font-size\"><strong>Gruppo SMS \u2013 origini dal 1860<\/strong><\/p>\n\n\n\n<p class=\"has-white-color has-text-color\">Mifsud &amp; Sons (SMS), \u00e8 un\u2019azienda multinazionale fondata da Orazio Mifsud nel lontano 1860 anno in cui aveva iniziato la sua attivit\u00e0 commerciale come committente navale nell\u2019area del porto di La Valletta. Gi\u00e0 alla fine del secolo, l\u2019attivit\u00e0 era nota come \u201cFratelli Mifsud\u201d.<\/p>\n\n\n\n<p class=\"has-white-color has-text-color\"><br>Il nipote di Orazio, il commendatore Silvio Mifsud, continu\u00f2 la propria attivit\u00e0 come agente marittimo a partire dal 1950. In breve tempo, l\u2019azienda si espanse anche nel settore turismo e vacanze divenendo presto un pioniere anche in questi campi. Tra i tanti progetti e incarichi portati avanti con successo sin da allora, il gruppo SMS pu\u00f2 vantare la rappresentanza generale della compagnia di bandiera italiana Alitalia a Malta per oltre 40 anni.<\/p>\n<\/div>\n\n\n\n<div class=\"wp-block-column is-layout-flow wp-block-column-is-layout-flow\"><div class=\"wp-block-image sms-logo\">\n<figure class=\"alignright size-large\"><img decoding=\"async\" src=\"https:\/\/executivecruises.eu\/\/wp-content\/uploads\/2020\/08\/sms-group-logo-1.png\" alt=\"\"\/><figcaption class=\"wp-element-caption\"><a href=\"https:\/\/sms.com.mt\" target=\"_blank\" rel=\"noreferrer noopener\">sms.com.mt<\/a><\/figcaption><\/figure>\n<\/div>\n\n\n<p class=\"has-white-color has-text-color\">Il gruppo SMS opera oggi in vari settori tra cui il tour operating, la scuola d\u2019inglese, il settore immobiliare, le spedizioni, servizi portuali quali shore operations handling e agenzia portuale lavorando per le pi\u00f9 grandi aziende navali e crocieristiche a livello mondiale.<\/p>\n\n\n\n<p class=\"has-white-color has-text-color\">Il gruppo SMS \u00e8 tuttora controllato dalla famiglia Mifsud ormai giunta alla quinta generazione ed \u00e8 guidato, in qualit\u00e0 di Presidente, dal Dott. Lawrence Gonzi, ex primo ministro maltese.<\/p>\n<\/div>\n<\/div>\n<\/div><\/div>\n<\/div><\/div>\n\n\n\n<div class=\"wp-block-group container wrapper internal map\"><div class=\"wp-block-group__inner-container is-layout-flow wp-block-group-is-layout-flow\">\n<h2 class=\"wp-block-heading\"><strong>SMS Group nel mondo<\/strong><\/h2>\n\n\n\n<p class=\"has-medium-font-size\">SMS Group \u00e8 presente in 4 continenti con 25 uffici in 17 citt\u00e0 di 11 paesi.<\/p>\n\n\n<div id=\"wpgmza_map\" class=\"wpgmza_map\" data-settings='{\"id\":\"1\",\"map_title\":\"SMS Group\",\"map_width\":\"100\",\"map_height\":\"400\",\"map_start_lat\":\"50.035219\",\"map_start_lng\":\"-29.146894\",\"map_start_location\":\"50.035219,-29.146894\",\"map_start_zoom\":\"2\",\"default_marker\":\"0\",\"type\":\"1\",\"alignment\":\"2\",\"directions_enabled\":\"1\",\"styling_enabled\":\"0\",\"styling_json\":\"\",\"active\":\"0\",\"kml\":\"\",\"bicycle\":\"0\",\"traffic\":\"0\",\"dbox\":\"1\",\"dbox_width\":\"100\",\"listmarkers\":\"0\",\"listmarkers_advanced\":\"0\",\"filterbycat\":\"0\",\"ugm_enabled\":\"0\",\"ugm_category_enabled\":\"0\",\"fusion\":\"\",\"map_width_type\":\"\\\\%\",\"map_height_type\":\"px\",\"mass_marker_support\":\"1\",\"ugm_access\":\"0\",\"order_markers_by\":\"1\",\"order_markers_choice\":\"2\",\"show_user_location\":\"0\",\"default_to\":\"\",\"other_settings\":{\"store_locator_enabled\":2,\"store_locator_distance\":2,\"store_locator_default_radius\":10,\"store_locator_not_found_message\":\"No results found in this location. Please try again.\",\"store_locator_bounce\":1,\"store_locator_query_string\":\"ZIP \\\/ Address:\",\"store_locator_default_address\":\"\",\"wpgmza_store_locator_restrict\":\"\",\"wpgmza_store_locator_radius_style\":\"modern\",\"map_max_zoom\":\"1\",\"transport_layer\":0,\"wpgmza_theme_data\":\"[{\\\"featureType\\\":\\\"administrative.locality\\\",\\\"elementType\\\":\\\"all\\\",\\\"stylers\\\":[{\\\"hue\\\":\\\"#2c2e33\\\"},{\\\"saturation\\\":7},{\\\"lightness\\\":19},{\\\"visibility\\\":\\\"on\\\"}]},{\\\"featureType\\\":\\\"landscape\\\",\\\"elementType\\\":\\\"all\\\",\\\"stylers\\\":[{\\\"hue\\\":\\\"#ffffff\\\"},{\\\"saturation\\\":-100},{\\\"lightness\\\":100},{\\\"visibility\\\":\\\"simplified\\\"}]},{\\\"featureType\\\":\\\"poi\\\",\\\"elementType\\\":\\\"all\\\",\\\"stylers\\\":[{\\\"hue\\\":\\\"#ffffff\\\"},{\\\"saturation\\\":-100},{\\\"lightness\\\":100},{\\\"visibility\\\":\\\"off\\\"}]},{\\\"featureType\\\":\\\"road\\\",\\\"elementType\\\":\\\"geometry\\\",\\\"stylers\\\":[{\\\"hue\\\":\\\"#bbc0c4\\\"},{\\\"saturation\\\":-93},{\\\"lightness\\\":31},{\\\"visibility\\\":\\\"simplified\\\"}]},{\\\"featureType\\\":\\\"road\\\",\\\"elementType\\\":\\\"labels\\\",\\\"stylers\\\":[{\\\"hue\\\":\\\"#bbc0c4\\\"},{\\\"saturation\\\":-93},{\\\"lightness\\\":31},{\\\"visibility\\\":\\\"on\\\"}]},{\\\"featureType\\\":\\\"road.arterial\\\",\\\"elementType\\\":\\\"labels\\\",\\\"stylers\\\":[{\\\"hue\\\":\\\"#bbc0c4\\\"},{\\\"saturation\\\":-93},{\\\"lightness\\\":-2},{\\\"visibility\\\":\\\"simplified\\\"}]},{\\\"featureType\\\":\\\"road.local\\\",\\\"elementType\\\":\\\"geometry\\\",\\\"stylers\\\":[{\\\"hue\\\":\\\"#e9ebed\\\"},{\\\"saturation\\\":-90},{\\\"lightness\\\":-8},{\\\"visibility\\\":\\\"simplified\\\"}]},{\\\"featureType\\\":\\\"transit\\\",\\\"elementType\\\":\\\"all\\\",\\\"stylers\\\":[{\\\"hue\\\":\\\"#e9ebed\\\"},{\\\"saturation\\\":10},{\\\"lightness\\\":69},{\\\"visibility\\\":\\\"on\\\"}]},{\\\"featureType\\\":\\\"water\\\",\\\"elementType\\\":\\\"all\\\",\\\"stylers\\\":[{\\\"visibility\\\":\\\"on\\\"},{\\\"color\\\":\\\"#3d658f\\\"},{\\\"lightness\\\":50}]}]\",\"wpgmza_show_points_of_interest\":0,\"wpgmza_auto_night\":0}}' data-map-id='1' Data-maps-engine='open-layers' data-shortcode-attributes='{\"id\":\"1\"}' style=\"display:block; overflow:auto; width:100%; height:400px; float:left;\"><\/div>\n\n\n<ul class=\"wp-block-list\">\n<li><strong>Amsterdam<\/strong><\/li>\n\n\n\n<li><strong>Copenhagen<\/strong><\/li>\n\n\n\n<li><strong>Dublin<\/strong><\/li>\n\n\n\n<li><strong>Istanbul<\/strong><\/li>\n\n\n\n<li><strong>London<\/strong><\/li>\n\n\n\n<li><strong>Los Angeles<\/strong><\/li>\n\n\n\n<li><strong>Miami<\/strong><\/li>\n\n\n\n<li><strong>New York<\/strong><\/li>\n\n\n\n<li><strong>Nicosia<\/strong><\/li>\n\n\n\n<li><strong>Rome<\/strong><\/li>\n\n\n\n<li><strong>San Diego<\/strong><\/li>\n\n\n\n<li><strong>San Francisco<\/strong><\/li>\n\n\n\n<li><strong>Seattle<\/strong><\/li>\n\n\n\n<li><strong>Tunis<\/strong><\/li>\n\n\n\n<li><strong>Valletta<\/strong><\/li>\n\n\n\n<li><strong>Vancouver<\/strong><\/li>\n\n\n\n<li><strong>Victoria<\/strong><strong><\/strong><\/li>\n<\/ul>\n\n\n\n<p><\/p>\n<\/div><\/div>\n","protected":false},"excerpt":{"rendered":"<p>Executive Cruises \u00e8 uno specialista di viaggi crocieristici premium fondato nel 1993. La Societ\u00e0 \u00e8 il Rappresentante Internazionale (agente esclusivo) a Malta per Royal Caribbean International, Celebrity Cruises e Azamara. In Italia, Germania, Austria e Svizzera \u00e8 il rappresentante generale delle vendite di Royal Caribbean International e distribuisce vacanze in..<a class=\"read_more ctl_read_more\" href=\"https:\/\/executivecruises.eu\/it\/timeline\/1993-2\/\">Leggi di pi\u00f9<\/a> [&#8230;]<\/p>\n<p><a class=\"btn btn-secondary understrap-read-more-link\" href=\"https:\/\/executivecruises.eu\/it\/timeline\/1993-2\/\">Leggi di pi\u00f9&#8230;<span class=\"screen-reader-text\"> from 1993<\/span><\/a><\/p>\n","protected":false},"author":1,"featured_media":0,"parent":0,"menu_order":0,"comment_status":"closed","ping_status":"closed","template":"","meta":{"_acf_changed":false,"footnotes":""},"class_list":["post-8","page","type-page","status-publish","hentry"],"acf":[],"yoast_head":"<!-- This site is optimized with the Yoast SEO plugin v27.2 - https:\/\/yoast.com\/product\/yoast-seo-wordpress\/ -->\n<title>Chi Siamo - Executive Cruises<\/title>\n<meta name=\"description\" content=\"Executive Cruises \u00e8 un specialista di viaggi in crociera premium all&#039;ingrosso fondato nel 1993.\" \/>\n<meta name=\"robots\" content=\"index, follow, max-snippet:-1, max-image-preview:large, max-video-preview:-1\" \/>\n<link rel=\"canonical\" href=\"https:\/\/executivecruises.eu\/it\/chi-siamo\/\" \/>\n<meta property=\"og:locale\" content=\"it_IT\" \/>\n<meta property=\"og:type\" content=\"article\" \/>\n<meta property=\"og:title\" content=\"Chi Siamo - Executive Cruises\" \/>\n<meta property=\"og:description\" content=\"Executive Cruises \u00e8 un specialista di viaggi in crociera premium all&#039;ingrosso fondato nel 1993.\" \/>\n<meta property=\"og:url\" content=\"https:\/\/executivecruises.eu\/it\/chi-siamo\/\" \/>\n<meta property=\"og:site_name\" content=\"Executive Cruises\" \/>\n<meta property=\"article:modified_time\" content=\"2025-05-15T19:38:30+00:00\" \/>\n<meta name=\"twitter:card\" content=\"summary_large_image\" \/>\n<meta name=\"twitter:label1\" content=\"Tempo di lettura stimato\" \/>\n\t<meta name=\"twitter:data1\" content=\"3 minuti\" \/>\n<script type=\"application\/ld+json\" class=\"yoast-schema-graph\">{\"@context\":\"https:\/\/schema.org\",\"@graph\":[{\"@type\":\"WebPage\",\"@id\":\"https:\/\/executivecruises.eu\/it\/chi-siamo\/\",\"url\":\"https:\/\/executivecruises.eu\/it\/chi-siamo\/\",\"name\":\"Chi Siamo - Executive Cruises\",\"isPartOf\":{\"@id\":\"https:\/\/executivecruises.eu\/it\/#website\"},\"primaryImageOfPage\":{\"@id\":\"https:\/\/executivecruises.eu\/it\/chi-siamo\/#primaryimage\"},\"image\":{\"@id\":\"https:\/\/executivecruises.eu\/it\/chi-siamo\/#primaryimage\"},\"thumbnailUrl\":\"https:\/\/executivecruises.eu\/wp-content\/uploads\/2025\/05\/royal-caribbean-logo.svg\",\"datePublished\":\"2020-08-06T03:49:42+00:00\",\"dateModified\":\"2025-05-15T19:38:30+00:00\",\"description\":\"Executive Cruises \u00e8 un specialista di viaggi in crociera premium all'ingrosso fondato nel 1993.\",\"breadcrumb\":{\"@id\":\"https:\/\/executivecruises.eu\/it\/chi-siamo\/#breadcrumb\"},\"inLanguage\":\"it-IT\",\"potentialAction\":[{\"@type\":\"ReadAction\",\"target\":[\"https:\/\/executivecruises.eu\/it\/chi-siamo\/\"]}]},{\"@type\":\"ImageObject\",\"inLanguage\":\"it-IT\",\"@id\":\"https:\/\/executivecruises.eu\/it\/chi-siamo\/#primaryimage\",\"url\":\"https:\/\/executivecruises.eu\/wp-content\/uploads\/2025\/05\/royal-caribbean-logo.svg\",\"contentUrl\":\"https:\/\/executivecruises.eu\/wp-content\/uploads\/2025\/05\/royal-caribbean-logo.svg\"},{\"@type\":\"BreadcrumbList\",\"@id\":\"https:\/\/executivecruises.eu\/it\/chi-siamo\/#breadcrumb\",\"itemListElement\":[{\"@type\":\"ListItem\",\"position\":1,\"name\":\"Home\",\"item\":\"https:\/\/executivecruises.eu\/it\/\"},{\"@type\":\"ListItem\",\"position\":2,\"name\":\"Chi Siamo\"}]},{\"@type\":\"WebSite\",\"@id\":\"https:\/\/executivecruises.eu\/it\/#website\",\"url\":\"https:\/\/executivecruises.eu\/it\/\",\"name\":\"Executive Cruises\",\"description\":\"Premium Cruise Travel Specialist - Italy, Germany, Austria, Switzerland &amp; Malta\",\"publisher\":{\"@id\":\"https:\/\/executivecruises.eu\/it\/#organization\"},\"potentialAction\":[{\"@type\":\"SearchAction\",\"target\":{\"@type\":\"EntryPoint\",\"urlTemplate\":\"https:\/\/executivecruises.eu\/it\/?s={search_term_string}\"},\"query-input\":{\"@type\":\"PropertyValueSpecification\",\"valueRequired\":true,\"valueName\":\"search_term_string\"}}],\"inLanguage\":\"it-IT\"},{\"@type\":\"Organization\",\"@id\":\"https:\/\/executivecruises.eu\/it\/#organization\",\"name\":\"Executive Cruises\",\"url\":\"https:\/\/executivecruises.eu\/it\/\",\"logo\":{\"@type\":\"ImageObject\",\"inLanguage\":\"it-IT\",\"@id\":\"https:\/\/executivecruises.eu\/it\/#\/schema\/logo\/image\/\",\"url\":\"https:\/\/executivecruises.eu\/wp-content\/uploads\/2020\/08\/executive-cruises-logo.svg\",\"contentUrl\":\"https:\/\/executivecruises.eu\/wp-content\/uploads\/2020\/08\/executive-cruises-logo.svg\",\"width\":1,\"height\":1,\"caption\":\"Executive Cruises\"},\"image\":{\"@id\":\"https:\/\/executivecruises.eu\/it\/#\/schema\/logo\/image\/\"}}]}<\/script>\n<!-- \/ Yoast SEO plugin. -->","yoast_head_json":{"title":"Chi Siamo - Executive Cruises","description":"Executive Cruises \u00e8 un specialista di viaggi in crociera premium all'ingrosso fondato nel 1993.","robots":{"index":"index","follow":"follow","max-snippet":"max-snippet:-1","max-image-preview":"max-image-preview:large","max-video-preview":"max-video-preview:-1"},"canonical":"https:\/\/executivecruises.eu\/it\/chi-siamo\/","og_locale":"it_IT","og_type":"article","og_title":"Chi Siamo - Executive Cruises","og_description":"Executive Cruises \u00e8 un specialista di viaggi in crociera premium all'ingrosso fondato nel 1993.","og_url":"https:\/\/executivecruises.eu\/it\/chi-siamo\/","og_site_name":"Executive Cruises","article_modified_time":"2025-05-15T19:38:30+00:00","twitter_card":"summary_large_image","twitter_misc":{"Tempo di lettura stimato":"3 minuti"},"schema":{"@context":"https:\/\/schema.org","@graph":[{"@type":"WebPage","@id":"https:\/\/executivecruises.eu\/it\/chi-siamo\/","url":"https:\/\/executivecruises.eu\/it\/chi-siamo\/","name":"Chi Siamo - Executive Cruises","isPartOf":{"@id":"https:\/\/executivecruises.eu\/it\/#website"},"primaryImageOfPage":{"@id":"https:\/\/executivecruises.eu\/it\/chi-siamo\/#primaryimage"},"image":{"@id":"https:\/\/executivecruises.eu\/it\/chi-siamo\/#primaryimage"},"thumbnailUrl":"https:\/\/executivecruises.eu\/wp-content\/uploads\/2025\/05\/royal-caribbean-logo.svg","datePublished":"2020-08-06T03:49:42+00:00","dateModified":"2025-05-15T19:38:30+00:00","description":"Executive Cruises \u00e8 un specialista di viaggi in crociera premium all'ingrosso fondato nel 1993.","breadcrumb":{"@id":"https:\/\/executivecruises.eu\/it\/chi-siamo\/#breadcrumb"},"inLanguage":"it-IT","potentialAction":[{"@type":"ReadAction","target":["https:\/\/executivecruises.eu\/it\/chi-siamo\/"]}]},{"@type":"ImageObject","inLanguage":"it-IT","@id":"https:\/\/executivecruises.eu\/it\/chi-siamo\/#primaryimage","url":"https:\/\/executivecruises.eu\/wp-content\/uploads\/2025\/05\/royal-caribbean-logo.svg","contentUrl":"https:\/\/executivecruises.eu\/wp-content\/uploads\/2025\/05\/royal-caribbean-logo.svg"},{"@type":"BreadcrumbList","@id":"https:\/\/executivecruises.eu\/it\/chi-siamo\/#breadcrumb","itemListElement":[{"@type":"ListItem","position":1,"name":"Home","item":"https:\/\/executivecruises.eu\/it\/"},{"@type":"ListItem","position":2,"name":"Chi Siamo"}]},{"@type":"WebSite","@id":"https:\/\/executivecruises.eu\/it\/#website","url":"https:\/\/executivecruises.eu\/it\/","name":"Executive Cruises","description":"Premium Cruise Travel Specialist - Italy, Germany, Austria, Switzerland &amp; Malta","publisher":{"@id":"https:\/\/executivecruises.eu\/it\/#organization"},"potentialAction":[{"@type":"SearchAction","target":{"@type":"EntryPoint","urlTemplate":"https:\/\/executivecruises.eu\/it\/?s={search_term_string}"},"query-input":{"@type":"PropertyValueSpecification","valueRequired":true,"valueName":"search_term_string"}}],"inLanguage":"it-IT"},{"@type":"Organization","@id":"https:\/\/executivecruises.eu\/it\/#organization","name":"Executive Cruises","url":"https:\/\/executivecruises.eu\/it\/","logo":{"@type":"ImageObject","inLanguage":"it-IT","@id":"https:\/\/executivecruises.eu\/it\/#\/schema\/logo\/image\/","url":"https:\/\/executivecruises.eu\/wp-content\/uploads\/2020\/08\/executive-cruises-logo.svg","contentUrl":"https:\/\/executivecruises.eu\/wp-content\/uploads\/2020\/08\/executive-cruises-logo.svg","width":1,"height":1,"caption":"Executive Cruises"},"image":{"@id":"https:\/\/executivecruises.eu\/it\/#\/schema\/logo\/image\/"}}]}},"_links":{"self":[{"href":"https:\/\/executivecruises.eu\/it\/wp-json\/wp\/v2\/pages\/8","targetHints":{"allow":["GET"]}}],"collection":[{"href":"https:\/\/executivecruises.eu\/it\/wp-json\/wp\/v2\/pages"}],"about":[{"href":"https:\/\/executivecruises.eu\/it\/wp-json\/wp\/v2\/types\/page"}],"author":[{"embeddable":true,"href":"https:\/\/executivecruises.eu\/it\/wp-json\/wp\/v2\/users\/1"}],"replies":[{"embeddable":true,"href":"https:\/\/executivecruises.eu\/it\/wp-json\/wp\/v2\/comments?post=8"}],"version-history":[{"count":22,"href":"https:\/\/executivecruises.eu\/it\/wp-json\/wp\/v2\/pages\/8\/revisions"}],"predecessor-version":[{"id":862,"href":"https:\/\/executivecruises.eu\/it\/wp-json\/wp\/v2\/pages\/8\/revisions\/862"}],"wp:attachment":[{"href":"https:\/\/executivecruises.eu\/it\/wp-json\/wp\/v2\/media?parent=8"}],"curies":[{"name":"wp","href":"https:\/\/api.w.org\/{rel}","templated":true}]}}